{"id":2529,"date":"2017-06-23T16:20:32","date_gmt":"2017-06-23T16:20:32","guid":{"rendered":"https:\/\/aehm.es\/contacto\/"},"modified":"2021-11-10T08:48:48","modified_gmt":"2021-11-10T08:48:48","slug":"contact","status":"publish","type":"page","link":"https:\/\/aehm.es\/en\/contact\/","title":{"rendered":"Contact"},"content":{"rendered":"\t\t<div data-elementor-type=\"wp-page\" data-elementor-id=\"2529\" class=\"elementor elementor-2529\" data-elementor-post-type=\"page\">\n\t\t\t\t\t\t<section class=\"elementor-section elementor-top-section elementor-element elementor-element-7cad2d7d elementor-section-full_width elementor-section-height-min-height elementor-section-items-bottom cab-area elementor-section-height-default\" data-id=\"7cad2d7d\" data-element_type=\"section\" data-e-type=\"section\" data-settings=\"{&quot;background_background&quot;:&quot;classic&quot;}\">\n\t\t\t\t\t\t<div class=\"elementor-container elementor-column-gap-default\">\n\t\t\t\t\t<div class=\"elementor-column elementor-col-100 elementor-top-column elementor-element elementor-element-56a4e33d\" data-id=\"56a4e33d\" data-element_type=\"column\" data-e-type=\"column\">\n\t\t\t<div class=\"elementor-widget-wrap elementor-element-populated\">\n\t\t\t\t\t\t<div class=\"elementor-element elementor-element-3670b100 elementor-widget elementor-widget-heading\" data-id=\"3670b100\" data-element_type=\"widget\" data-e-type=\"widget\" data-settings=\"{&quot;sticky_parent&quot;:&quot;yes&quot;,&quot;sticky&quot;:&quot;bottom&quot;,&quot;motion_fx_motion_fx_scrolling&quot;:&quot;yes&quot;,&quot;motion_fx_translateY_effect&quot;:&quot;yes&quot;,&quot;motion_fx_translateY_direction&quot;:&quot;negative&quot;,&quot;motion_fx_translateY_affectedRange&quot;:{&quot;unit&quot;:&quot;%&quot;,&quot;size&quot;:&quot;&quot;,&quot;sizes&quot;:{&quot;start&quot;:50,&quot;end&quot;:100}},&quot;motion_fx_opacity_effect&quot;:&quot;yes&quot;,&quot;motion_fx_opacity_direction&quot;:&quot;in-out&quot;,&quot;motion_fx_opacity_range&quot;:{&quot;unit&quot;:&quot;%&quot;,&quot;size&quot;:&quot;&quot;,&quot;sizes&quot;:{&quot;start&quot;:50,&quot;end&quot;:80}},&quot;motion_fx_range&quot;:&quot;viewport&quot;,&quot;motion_fx_devices&quot;:[&quot;desktop&quot;,&quot;tablet&quot;],&quot;motion_fx_translateY_speed&quot;:{&quot;unit&quot;:&quot;px&quot;,&quot;size&quot;:4,&quot;sizes&quot;:[]},&quot;motion_fx_opacity_level&quot;:{&quot;unit&quot;:&quot;px&quot;,&quot;size&quot;:10,&quot;sizes&quot;:[]},&quot;sticky_on&quot;:[&quot;desktop&quot;,&quot;tablet&quot;,&quot;mobile&quot;],&quot;sticky_offset&quot;:0,&quot;sticky_effects_offset&quot;:0,&quot;sticky_anchor_link_offset&quot;:0}\" data-widget_type=\"heading.default\">\n\t\t\t\t<div class=\"elementor-widget-container\">\n\t\t\t\t\t<h1 class=\"elementor-heading-title elementor-size-default\">Contact<\/h1>\t\t\t\t<\/div>\n\t\t\t\t<\/div>\n\t\t\t\t\t<\/div>\n\t\t<\/div>\n\t\t\t\t\t<\/div>\n\t\t<\/section>\n\t\t\t\t<section class=\"elementor-section elementor-top-section elementor-element elementor-element-b778a91 elementor-section-full_width elementor-section-height-min-height elementor-section-height-default elementor-section-items-middle\" data-id=\"b778a91\" data-element_type=\"section\" data-e-type=\"section\">\n\t\t\t\t\t\t<div class=\"elementor-container elementor-column-gap-default\">\n\t\t\t\t\t<div class=\"elementor-column elementor-col-33 elementor-top-column elementor-element elementor-element-8bf9b0e\" data-id=\"8bf9b0e\" data-element_type=\"column\" data-e-type=\"column\">\n\t\t\t<div class=\"elementor-widget-wrap\">\n\t\t\t\t\t\t\t<\/div>\n\t\t<\/div>\n\t\t\t\t<div class=\"elementor-column elementor-col-33 elementor-top-column elementor-element elementor-element-62505c1\" data-id=\"62505c1\" data-element_type=\"column\" data-e-type=\"column\">\n\t\t\t<div class=\"elementor-widget-wrap elementor-element-populated\">\n\t\t\t\t\t\t<div class=\"elementor-element elementor-element-2ead8b4 elementor-widget elementor-widget-text-editor\" data-id=\"2ead8b4\" data-element_type=\"widget\" data-e-type=\"widget\" data-widget_type=\"text-editor.default\">\n\t\t\t\t<div class=\"elementor-widget-container\">\n\t\t\t\t\t\t\t\t\t<h3>Madrid Hotel Business Association\u00a0<\/h3><p>C\/ Marqu\u00e9s de Cubas, 25 \u2013 4\u00ba Izq. | 28014 MADRID<\/p><p>Tlfn.: 91 541 40 10<br \/>Fax: 91 559 77 12<\/p><p><a href=\"mailto:aehm@aehm.es\">aehm@aehm.es<\/a><\/p>\t\t\t\t\t\t\t\t<\/div>\n\t\t\t\t<\/div>\n\t\t\t\t<div class=\"elementor-element elementor-element-c1f8b52 elementor-button-align-stretch elementor-widget elementor-widget-form\" data-id=\"c1f8b52\" data-element_type=\"widget\" data-e-type=\"widget\" data-settings=\"{&quot;step_next_label&quot;:&quot;Siguiente&quot;,&quot;step_previous_label&quot;:&quot;Anterior&quot;,&quot;button_width&quot;:&quot;100&quot;,&quot;step_type&quot;:&quot;number_text&quot;,&quot;step_icon_shape&quot;:&quot;circle&quot;}\" data-widget_type=\"form.default\">\n\t\t\t\t<div class=\"elementor-widget-container\">\n\t\t\t\t\t\t\t<form class=\"elementor-form\" method=\"post\" name=\"Nuevo formulario\" aria-label=\"Nuevo formulario\">\n\t\t\t<input type=\"hidden\" name=\"post_id\" value=\"2529\"\/>\n\t\t\t<input type=\"hidden\" name=\"form_id\" value=\"c1f8b52\"\/>\n\t\t\t<input type=\"hidden\" name=\"referer_title\" value=\"AEHM\" \/>\n\n\t\t\t\n\t\t\t<div class=\"elementor-form-fields-wrapper elementor-labels-above\">\n\t\t\t\t\t\t\t\t<div class=\"elementor-field-type-text elementor-field-group elementor-column elementor-field-group-name elementor-col-100\">\n\t\t\t\t\t\t\t\t\t\t\t\t<label for=\"form-field-name\" class=\"elementor-field-label\">\n\t\t\t\t\t\t\t\tName\t\t\t\t\t\t\t<\/label>\n\t\t\t\t\t\t\t\t\t\t\t\t\t\t<input size=\"1\" type=\"text\" name=\"form_fields[name]\" id=\"form-field-name\" class=\"elementor-field elementor-size-sm  elementor-field-textual\">\n\t\t\t\t\t\t\t\t\t\t\t<\/div>\n\t\t\t\t\t\t\t\t<div class=\"elementor-field-type-email elementor-field-group elementor-column elementor-field-group-email elementor-col-100 elementor-field-required\">\n\t\t\t\t\t\t\t\t\t\t\t\t<label for=\"form-field-email\" class=\"elementor-field-label\">\n\t\t\t\t\t\t\t\tEmail\t\t\t\t\t\t\t<\/label>\n\t\t\t\t\t\t\t\t\t\t\t\t\t\t<input size=\"1\" type=\"email\" name=\"form_fields[email]\" id=\"form-field-email\" class=\"elementor-field elementor-size-sm  elementor-field-textual\" required=\"required\">\n\t\t\t\t\t\t\t\t\t\t\t<\/div>\n\t\t\t\t\t\t\t\t<div class=\"elementor-field-type-textarea elementor-field-group elementor-column elementor-field-group-message elementor-col-100\">\n\t\t\t\t\t\t\t\t\t\t\t\t<label for=\"form-field-message\" class=\"elementor-field-label\">\n\t\t\t\t\t\t\t\tMessage\t\t\t\t\t\t\t<\/label>\n\t\t\t\t\t\t<textarea class=\"elementor-field-textual elementor-field  elementor-size-sm\" name=\"form_fields[message]\" id=\"form-field-message\" rows=\"4\"><\/textarea>\t\t\t\t<\/div>\n\t\t\t\t\t\t\t\t<div class=\"elementor-field-type-recaptcha elementor-field-group elementor-column elementor-field-group-field_e62e17d elementor-col-100\">\n\t\t\t\t\t<div class=\"elementor-field\" id=\"form-field-field_e62e17d\"><\/div>\t\t\t\t<\/div>\n\t\t\t\t\t\t\t\t<div class=\"elementor-field-group elementor-column elementor-field-type-submit elementor-col-100 e-form__buttons\">\n\t\t\t\t\t<button class=\"elementor-button elementor-size-sm\" type=\"submit\">\n\t\t\t\t\t\t<span class=\"elementor-button-content-wrapper\">\n\t\t\t\t\t\t\t\t\t\t\t\t\t\t\t\t\t\t\t\t\t\t<span class=\"elementor-button-text\">SEND<\/span>\n\t\t\t\t\t\t\t\t\t\t\t\t\t<\/span>\n\t\t\t\t\t<\/button>\n\t\t\t\t<\/div>\n\t\t\t<\/div>\n\t\t<\/form>\n\t\t\t\t\t\t<\/div>\n\t\t\t\t<\/div>\n\t\t\t\t\t<\/div>\n\t\t<\/div>\n\t\t\t\t<div class=\"elementor-column elementor-col-33 elementor-top-column elementor-element elementor-element-f189579\" data-id=\"f189579\" data-element_type=\"column\" data-e-type=\"column\">\n\t\t\t<div class=\"elementor-widget-wrap elementor-element-populated\">\n\t\t\t\t\t\t<div class=\"elementor-element elementor-element-5ca07c8 elementor-widget elementor-widget-shortcode\" data-id=\"5ca07c8\" data-element_type=\"widget\" data-e-type=\"widget\" data-widget_type=\"shortcode.default\">\n\t\t\t\t<div class=\"elementor-widget-container\">\n\t\t\t\t\t\t\t<div class=\"elementor-shortcode\"><div class=\"mapa zoby\">\r\n\r\n\r\n<script src=\"https:\/\/ajax.googleapis.com\/ajax\/libs\/jquery\/3.5.1\/jquery.min.js\"><\/script>\r\n\r\n<style type=\"text\/css\">\r\n.acf-map {\r\n    width: 100%;\r\n    height:70vh;\r\n\r\n}\r\n\r\n\/\/ Fixes potential theme css conflict.\r\n.acf-map img {\r\n   max-width: inherit !important;\r\n}\r\n<\/style>\r\n<script src=\"https:\/\/maps.googleapis.com\/maps\/api\/js?key=AIzaSyC-V3zdiT71mElW1mTKnqnXioY3ie_JC0o\"><\/script>\r\n<script type=\"text\/javascript\">\r\n(function( jQuery ) {\r\n\r\n\/**\r\n * initMap\r\n *\r\n * Renders a Google Map onto the selected jQuery element\r\n *\r\n * @date    22\/10\/19\r\n * @since   5.8.6\r\n *\r\n * @param   jQuery $el The jQuery element.\r\n * @return  object The map instance.\r\n *\/\r\nfunction initMap( $el ) {\r\n\r\n    \/\/ Find marker elements within map.\r\n    var $markers = $el.find('.marker');\r\n\r\n    \/\/ Create gerenic map.\r\n    var mapArgs = {\r\n        zoom        : $el.data('zoom') || 15,\r\n        mapTypeId   : google.maps.MapTypeId.ROADMAP,\r\n\t\tmapTypeControl: false,\r\n    panControl: false,\r\n\t\tzoomControlOptions: {\r\n        style: google.maps.ZoomControlStyle.SMALL,\r\n        position: google.maps.ControlPosition.RIGHT_CENTER\r\n    },\r\n\t\t    styles: [\r\n  {\r\n    \"elementType\": \"geometry\",\r\n    \"stylers\": [\r\n      {\r\n        \"color\": \"#EAE3DC\"\r\n      }\r\n    ]\r\n  },\r\n  {\r\n    \"elementType\": \"labels.icon\",\r\n    \"stylers\": [\r\n      {\r\n        \"visibility\": \"off\"\r\n      }\r\n    ]\r\n  },\r\n  {\r\n    \"elementType\": \"labels.text.fill\",\r\n    \"stylers\": [\r\n      {\r\n        \"color\": \"#616161\"\r\n      }\r\n    ]\r\n  },\r\n  {\r\n    \"elementType\": \"labels.text.stroke\",\r\n    \"stylers\": [\r\n      {\r\n        \"color\": \"#f5f5f5\"\r\n      }\r\n    ]\r\n  },\r\n  {\r\n    \"featureType\": \"administrative.land_parcel\",\r\n    \"elementType\": \"labels.text.fill\",\r\n    \"stylers\": [\r\n      {\r\n        \"color\": \"#bdbdbd\"\r\n      }\r\n    ]\r\n  },\r\n  {\r\n    \"featureType\": \"poi\",\r\n    \"elementType\": \"geometry\",\r\n    \"stylers\": [\r\n      {\r\n        \"color\": \"#eeeeee\"\r\n      }\r\n    ]\r\n  },\r\n  {\r\n    \"featureType\": \"poi\",\r\n    \"elementType\": \"labels.text.fill\",\r\n    \"stylers\": [\r\n      {\r\n        \"color\": \"#757575\"\r\n      }\r\n    ]\r\n  },\r\n  {\r\n    \"featureType\": \"poi.park\",\r\n    \"elementType\": \"geometry\",\r\n    \"stylers\": [\r\n      {\r\n        \"color\": \"#e5e5e5\"\r\n      }\r\n    ]\r\n  },\r\n  {\r\n    \"featureType\": \"poi.park\",\r\n    \"elementType\": \"labels.text.fill\",\r\n    \"stylers\": [\r\n      {\r\n        \"color\": \"#9e9e9e\"\r\n      }\r\n    ]\r\n  },\r\n  {\r\n    \"featureType\": \"road\",\r\n    \"elementType\": \"geometry\",\r\n    \"stylers\": [\r\n      {\r\n        \"color\": \"#ffffff\"\r\n      }\r\n    ]\r\n  },\r\n  {\r\n    \"featureType\": \"road.arterial\",\r\n    \"elementType\": \"labels.text.fill\",\r\n    \"stylers\": [\r\n      {\r\n        \"color\": \"#757575\"\r\n      }\r\n    ]\r\n  },\r\n  {\r\n    \"featureType\": \"road.highway\",\r\n    \"elementType\": \"geometry\",\r\n    \"stylers\": [\r\n      {\r\n        \"color\": \"#dadada\"\r\n      }\r\n    ]\r\n  },\r\n  {\r\n    \"featureType\": \"road.highway\",\r\n    \"elementType\": \"labels.text.fill\",\r\n    \"stylers\": [\r\n      {\r\n        \"color\": \"#616161\"\r\n      }\r\n    ]\r\n  },\r\n  {\r\n    \"featureType\": \"road.local\",\r\n    \"elementType\": \"labels.text.fill\",\r\n    \"stylers\": [\r\n      {\r\n        \"color\": \"#9e9e9e\"\r\n      }\r\n    ]\r\n  },\r\n  {\r\n    \"featureType\": \"transit.line\",\r\n    \"elementType\": \"geometry\",\r\n    \"stylers\": [\r\n      {\r\n        \"color\": \"#e5e5e5\"\r\n      }\r\n    ]\r\n  },\r\n  {\r\n    \"featureType\": \"transit.station\",\r\n    \"elementType\": \"geometry\",\r\n    \"stylers\": [\r\n      {\r\n        \"color\": \"#eeeeee\"\r\n      }\r\n    ]\r\n  },\r\n  {\r\n    \"featureType\": \"water\",\r\n    \"elementType\": \"geometry\",\r\n    \"stylers\": [\r\n      {\r\n        \"color\": \"#c9c9c9\"\r\n      }\r\n    ]\r\n  },\r\n  {\r\n    \"featureType\": \"water\",\r\n    \"elementType\": \"labels.text.fill\",\r\n    \"stylers\": [\r\n      {\r\n        \"color\": \"#9e9e9e\"\r\n      }\r\n    ]\r\n  }\r\n]\r\n\r\n\r\n\r\n    };\r\n    var map = new google.maps.Map( $el[0], mapArgs );\r\n\r\n    \/\/ Add markers.\r\n    map.markers = [];\r\n    $markers.each(function(){\r\n        initMarker( $(this), map );\r\n    });\r\n\r\n    \/\/ Center map based on markers.\r\n    centerMap( map );\r\n\r\n    \/\/ Return map instance.\r\n    return map;\r\n}\r\n\r\n\/**\r\n * initMarker\r\n *\r\n * Creates a marker for the given jQuery element and map.\r\n *\r\n * @date    22\/10\/19\r\n * @since   5.8.6\r\n *\r\n * @param   jQuery $el The jQuery element.\r\n * @param   object The map instance.\r\n * @return  object The marker instance.\r\n *\/\r\nfunction initMarker( $marker, map ) {\r\n\r\n    \/\/ Get position from marker.\r\n    var lat = $marker.data('lat');\r\n    var lng = $marker.data('lng');\r\n    var latLng = {\r\n        lat: parseFloat( lat ),\r\n        lng: parseFloat( lng )\r\n    };\r\n\r\n    \/\/ Create marker instance.\r\n    var marker = new google.maps.Marker({\r\n        position : latLng,\r\n        map: map,\r\n\t\ttitle:    'DSRU',\r\n\t\ticon:     'https:\/\/aehm.es\/wp-content\/uploads\/2021\/09\/apple-icon-76x76-1.png' \r\n    });\r\n\r\n    \/\/ Append to reference for later use.\r\n    map.markers.push( marker );\r\n\t\r\n\r\n\r\nvar contentString =\r\n    '';\r\n\r\n  var infowindow = new google.maps.InfoWindow({\r\n    content: contentString,\r\n  });\r\n\r\n  \r\n  marker.addListener(\"click\", () => {\r\n    infowindow.open(map, marker);\r\n  });\r\n}\r\n\r\n\/**\r\n * centerMap\r\n *\r\n * Centers the map showing all markers in view.\r\n *\r\n * @date    22\/10\/19\r\n * @since   5.8.6\r\n *\r\n * @param   object The map instance.\r\n * @return  void\r\n *\/\r\nfunction centerMap( map ) {\r\n\r\n    \/\/ Create map boundaries from all map markers.\r\n    var bounds = new google.maps.LatLngBounds();\r\n    map.markers.forEach(function( marker ){\r\n        bounds.extend({\r\n            lat: marker.position.lat(),\r\n            lng: marker.position.lng()\r\n        });\r\n    });\r\n\r\n    \/\/ Case: Single marker.\r\n    if( map.markers.length == 1 ){\r\n        map.setCenter( bounds.getCenter() );\r\n\r\n    \/\/ Case: Multiple markers.\r\n    } else{\r\n        map.fitBounds( bounds );\r\n    }\r\n}\r\n\t\r\n\r\n\r\n\/\/ Render maps on page load.\r\njQuery(document).ready(function(){\r\n    jQuery('.acf-map').each(function(){\r\n        var map = initMap( jQuery(this) );\r\n    });\r\n});\r\n\r\n})(jQuery);\r\n<\/script>\t\r\n\t\t\t\r\n <div class=\"acf-map\" data-zoom=\"17\">\r\n        <div class=\"marker\" data-lat=\"40.4162897\" data-lng=\"-3.6980367\"><\/div>\r\n    <\/div>\r\n\t\t\t\r\n<\/div><\/div>\n\t\t\t\t\t\t<\/div>\n\t\t\t\t<\/div>\n\t\t\t\t\t<\/div>\n\t\t<\/div>\n\t\t\t\t\t<\/div>\n\t\t<\/section>\n\t\t\t\t<\/div>\n\t\t","protected":false},"excerpt":{"rendered":"<p>Madrid Hotel Business Association\u00a0 C\/ Marqu\u00e9s de Cubas, 25 \u2013 4\u00ba Izq. | 28014 MADRID Tlfn.: 91 541 40 10Fax: 91 559 77 12 aehm@aehm.es<\/p>\n","protected":false},"author":1,"featured_media":11656,"parent":0,"menu_order":13,"comment_status":"closed","ping_status":"closed","template":"","meta":{"footnotes":""},"class_list":["post-2529","page","type-page","status-publish","has-post-thumbnail","hentry"],"yoast_head":"<!-- This site is optimized with the Yoast SEO plugin v27.4 - https:\/\/yoast.com\/product\/yoast-seo-wordpress\/ -->\n<title>Contact - AEHM<\/title>\n<meta name=\"robots\" content=\"index, follow, max-snippet:-1, max-image-preview:large, max-video-preview:-1\" \/>\n<link rel=\"canonical\" href=\"https:\/\/aehm.es\/en\/contact\/\" \/>\n<meta property=\"og:locale\" content=\"en_US\" \/>\n<meta property=\"og:type\" content=\"article\" \/>\n<meta property=\"og:title\" content=\"Contact - AEHM\" \/>\n<meta property=\"og:description\" content=\"Madrid Hotel Business Association\u00a0 C\/ Marqu\u00e9s de Cubas, 25 \u2013 4\u00ba Izq. | 28014 MADRID Tlfn.: 91 541 40 10Fax: 91 559 77 12 aehm@aehm.es\" \/>\n<meta property=\"og:url\" content=\"https:\/\/aehm.es\/en\/contact\/\" \/>\n<meta property=\"og:site_name\" content=\"AEHM\" \/>\n<meta property=\"article:publisher\" content=\"https:\/\/www.instagram.com\/hotelesdemadrid\/\" \/>\n<meta property=\"article:modified_time\" content=\"2021-11-10T08:48:48+00:00\" \/>\n<meta property=\"og:image\" content=\"https:\/\/aehm.es\/wp-content\/uploads\/2021\/09\/cibeles.jpg\" \/>\n\t<meta property=\"og:image:width\" content=\"2400\" \/>\n\t<meta property=\"og:image:height\" content=\"1602\" \/>\n\t<meta property=\"og:image:type\" content=\"image\/jpeg\" \/>\n<meta name=\"twitter:card\" content=\"summary_large_image\" \/>\n<meta name=\"twitter:site\" content=\"@HotelesAEHM\" \/>\n<meta name=\"twitter:label1\" content=\"Est. reading time\" \/>\n\t<meta name=\"twitter:data1\" content=\"3 minutes\" \/>\n<script type=\"application\/ld+json\" class=\"yoast-schema-graph\">{\"@context\":\"https:\\\/\\\/schema.org\",\"@graph\":[{\"@type\":\"WebPage\",\"@id\":\"https:\\\/\\\/aehm.es\\\/en\\\/contact\\\/\",\"url\":\"https:\\\/\\\/aehm.es\\\/en\\\/contact\\\/\",\"name\":\"Contact - AEHM\",\"isPartOf\":{\"@id\":\"https:\\\/\\\/aehm.es\\\/#website\"},\"primaryImageOfPage\":{\"@id\":\"https:\\\/\\\/aehm.es\\\/en\\\/contact\\\/#primaryimage\"},\"image\":{\"@id\":\"https:\\\/\\\/aehm.es\\\/en\\\/contact\\\/#primaryimage\"},\"thumbnailUrl\":\"https:\\\/\\\/aehm.es\\\/wp-content\\\/uploads\\\/2021\\\/09\\\/cibeles.jpg\",\"datePublished\":\"2017-06-23T16:20:32+00:00\",\"dateModified\":\"2021-11-10T08:48:48+00:00\",\"breadcrumb\":{\"@id\":\"https:\\\/\\\/aehm.es\\\/en\\\/contact\\\/#breadcrumb\"},\"inLanguage\":\"en-US\",\"potentialAction\":[{\"@type\":\"ReadAction\",\"target\":[\"https:\\\/\\\/aehm.es\\\/en\\\/contact\\\/\"]}]},{\"@type\":\"ImageObject\",\"inLanguage\":\"en-US\",\"@id\":\"https:\\\/\\\/aehm.es\\\/en\\\/contact\\\/#primaryimage\",\"url\":\"https:\\\/\\\/aehm.es\\\/wp-content\\\/uploads\\\/2021\\\/09\\\/cibeles.jpg\",\"contentUrl\":\"https:\\\/\\\/aehm.es\\\/wp-content\\\/uploads\\\/2021\\\/09\\\/cibeles.jpg\",\"width\":2400,\"height\":1602},{\"@type\":\"BreadcrumbList\",\"@id\":\"https:\\\/\\\/aehm.es\\\/en\\\/contact\\\/#breadcrumb\",\"itemListElement\":[{\"@type\":\"ListItem\",\"position\":1,\"name\":\"Portada\",\"item\":\"https:\\\/\\\/aehm.es\\\/en\\\/\"},{\"@type\":\"ListItem\",\"position\":2,\"name\":\"Contact\"}]},{\"@type\":\"WebSite\",\"@id\":\"https:\\\/\\\/aehm.es\\\/#website\",\"url\":\"https:\\\/\\\/aehm.es\\\/\",\"name\":\"Asociaci\u00f3n Empresarial Hotelera de Madrid\",\"description\":\"La Asociaci\u00f3n Empresarial Hotelera Madrid est\u00e1 formada por m\u00e1s de 300 establecimientos de todas las categor\u00edas y tipolog\u00edas (hoteles, hostales, hostels, apartamentos\u2026) que suman m\u00e1s de 75.000 plazas de alojamiento.\",\"publisher\":{\"@id\":\"https:\\\/\\\/aehm.es\\\/#organization\"},\"alternateName\":\"AEHM\",\"potentialAction\":[{\"@type\":\"SearchAction\",\"target\":{\"@type\":\"EntryPoint\",\"urlTemplate\":\"https:\\\/\\\/aehm.es\\\/?s={search_term_string}\"},\"query-input\":{\"@type\":\"PropertyValueSpecification\",\"valueRequired\":true,\"valueName\":\"search_term_string\"}}],\"inLanguage\":\"en-US\"},{\"@type\":\"Organization\",\"@id\":\"https:\\\/\\\/aehm.es\\\/#organization\",\"name\":\"Asociaci\u00f3n Empresarial Hotelera de Madrid\",\"url\":\"https:\\\/\\\/aehm.es\\\/\",\"logo\":{\"@type\":\"ImageObject\",\"inLanguage\":\"en-US\",\"@id\":\"https:\\\/\\\/aehm.es\\\/#\\\/schema\\\/logo\\\/image\\\/\",\"url\":\"https:\\\/\\\/aehm.es\\\/wp-content\\\/uploads\\\/2021\\\/11\\\/Logo_AEHM_Horiz.png\",\"contentUrl\":\"https:\\\/\\\/aehm.es\\\/wp-content\\\/uploads\\\/2021\\\/11\\\/Logo_AEHM_Horiz.png\",\"width\":600,\"height\":182,\"caption\":\"Asociaci\u00f3n Empresarial Hotelera de Madrid\"},\"image\":{\"@id\":\"https:\\\/\\\/aehm.es\\\/#\\\/schema\\\/logo\\\/image\\\/\"},\"sameAs\":[\"https:\\\/\\\/www.instagram.com\\\/hotelesdemadrid\\\/\",\"https:\\\/\\\/x.com\\\/HotelesAEHM\",\"https:\\\/\\\/www.linkedin.com\\\/company\\\/11166072\\\/\"]}]}<\/script>\n<!-- \/ Yoast SEO plugin. -->","yoast_head_json":{"title":"Contact - AEHM","robots":{"index":"index","follow":"follow","max-snippet":"max-snippet:-1","max-image-preview":"max-image-preview:large","max-video-preview":"max-video-preview:-1"},"canonical":"https:\/\/aehm.es\/en\/contact\/","og_locale":"en_US","og_type":"article","og_title":"Contact - AEHM","og_description":"Madrid Hotel Business Association\u00a0 C\/ Marqu\u00e9s de Cubas, 25 \u2013 4\u00ba Izq. | 28014 MADRID Tlfn.: 91 541 40 10Fax: 91 559 77 12 aehm@aehm.es","og_url":"https:\/\/aehm.es\/en\/contact\/","og_site_name":"AEHM","article_publisher":"https:\/\/www.instagram.com\/hotelesdemadrid\/","article_modified_time":"2021-11-10T08:48:48+00:00","og_image":[{"width":2400,"height":1602,"url":"https:\/\/aehm.es\/wp-content\/uploads\/2021\/09\/cibeles.jpg","type":"image\/jpeg"}],"twitter_card":"summary_large_image","twitter_site":"@HotelesAEHM","twitter_misc":{"Est. reading time":"3 minutes"},"schema":{"@context":"https:\/\/schema.org","@graph":[{"@type":"WebPage","@id":"https:\/\/aehm.es\/en\/contact\/","url":"https:\/\/aehm.es\/en\/contact\/","name":"Contact - AEHM","isPartOf":{"@id":"https:\/\/aehm.es\/#website"},"primaryImageOfPage":{"@id":"https:\/\/aehm.es\/en\/contact\/#primaryimage"},"image":{"@id":"https:\/\/aehm.es\/en\/contact\/#primaryimage"},"thumbnailUrl":"https:\/\/aehm.es\/wp-content\/uploads\/2021\/09\/cibeles.jpg","datePublished":"2017-06-23T16:20:32+00:00","dateModified":"2021-11-10T08:48:48+00:00","breadcrumb":{"@id":"https:\/\/aehm.es\/en\/contact\/#breadcrumb"},"inLanguage":"en-US","potentialAction":[{"@type":"ReadAction","target":["https:\/\/aehm.es\/en\/contact\/"]}]},{"@type":"ImageObject","inLanguage":"en-US","@id":"https:\/\/aehm.es\/en\/contact\/#primaryimage","url":"https:\/\/aehm.es\/wp-content\/uploads\/2021\/09\/cibeles.jpg","contentUrl":"https:\/\/aehm.es\/wp-content\/uploads\/2021\/09\/cibeles.jpg","width":2400,"height":1602},{"@type":"BreadcrumbList","@id":"https:\/\/aehm.es\/en\/contact\/#breadcrumb","itemListElement":[{"@type":"ListItem","position":1,"name":"Portada","item":"https:\/\/aehm.es\/en\/"},{"@type":"ListItem","position":2,"name":"Contact"}]},{"@type":"WebSite","@id":"https:\/\/aehm.es\/#website","url":"https:\/\/aehm.es\/","name":"Asociaci\u00f3n Empresarial Hotelera de Madrid","description":"La Asociaci\u00f3n Empresarial Hotelera Madrid est\u00e1 formada por m\u00e1s de 300 establecimientos de todas las categor\u00edas y tipolog\u00edas (hoteles, hostales, hostels, apartamentos\u2026) que suman m\u00e1s de 75.000 plazas de alojamiento.","publisher":{"@id":"https:\/\/aehm.es\/#organization"},"alternateName":"AEHM","potentialAction":[{"@type":"SearchAction","target":{"@type":"EntryPoint","urlTemplate":"https:\/\/aehm.es\/?s={search_term_string}"},"query-input":{"@type":"PropertyValueSpecification","valueRequired":true,"valueName":"search_term_string"}}],"inLanguage":"en-US"},{"@type":"Organization","@id":"https:\/\/aehm.es\/#organization","name":"Asociaci\u00f3n Empresarial Hotelera de Madrid","url":"https:\/\/aehm.es\/","logo":{"@type":"ImageObject","inLanguage":"en-US","@id":"https:\/\/aehm.es\/#\/schema\/logo\/image\/","url":"https:\/\/aehm.es\/wp-content\/uploads\/2021\/11\/Logo_AEHM_Horiz.png","contentUrl":"https:\/\/aehm.es\/wp-content\/uploads\/2021\/11\/Logo_AEHM_Horiz.png","width":600,"height":182,"caption":"Asociaci\u00f3n Empresarial Hotelera de Madrid"},"image":{"@id":"https:\/\/aehm.es\/#\/schema\/logo\/image\/"},"sameAs":["https:\/\/www.instagram.com\/hotelesdemadrid\/","https:\/\/x.com\/HotelesAEHM","https:\/\/www.linkedin.com\/company\/11166072\/"]}]}},"_links":{"self":[{"href":"https:\/\/aehm.es\/en\/wp-json\/wp\/v2\/pages\/2529","targetHints":{"allow":["GET"]}}],"collection":[{"href":"https:\/\/aehm.es\/en\/wp-json\/wp\/v2\/pages"}],"about":[{"href":"https:\/\/aehm.es\/en\/wp-json\/wp\/v2\/types\/page"}],"author":[{"embeddable":true,"href":"https:\/\/aehm.es\/en\/wp-json\/wp\/v2\/users\/1"}],"replies":[{"embeddable":true,"href":"https:\/\/aehm.es\/en\/wp-json\/wp\/v2\/comments?post=2529"}],"version-history":[{"count":0,"href":"https:\/\/aehm.es\/en\/wp-json\/wp\/v2\/pages\/2529\/revisions"}],"wp:featuredmedia":[{"embeddable":true,"href":"https:\/\/aehm.es\/en\/wp-json\/wp\/v2\/media\/11656"}],"wp:attachment":[{"href":"https:\/\/aehm.es\/en\/wp-json\/wp\/v2\/media?parent=2529"}],"curies":[{"name":"wp","href":"https:\/\/api.w.org\/{rel}","templated":true}]}}