{"id":12139,"date":"2018-09-03T14:15:50","date_gmt":"2018-09-03T14:15:50","guid":{"rendered":"https:\/\/aehm.es\/aviso-legal\/"},"modified":"2021-09-28T05:16:20","modified_gmt":"2021-09-28T05:16:20","slug":"legal-notice","status":"publish","type":"page","link":"https:\/\/aehm.es\/en\/legal-notice\/","title":{"rendered":"Legal Notice"},"content":{"rendered":"\t\t<div data-elementor-type=\"wp-page\" data-elementor-id=\"12139\" class=\"elementor elementor-12139\" data-elementor-post-type=\"page\">\n\t\t\t\t\t\t<section class=\"elementor-section elementor-top-section elementor-element elementor-element-56a0afd0 elementor-section-boxed elementor-section-height-default elementor-section-height-default\" data-id=\"56a0afd0\" data-element_type=\"section\" data-e-type=\"section\">\n\t\t\t\t\t\t<div class=\"elementor-container elementor-column-gap-default\">\n\t\t\t\t\t<div class=\"elementor-column elementor-col-100 elementor-top-column elementor-element elementor-element-2ff5218e\" data-id=\"2ff5218e\" data-element_type=\"column\" data-e-type=\"column\">\n\t\t\t<div class=\"elementor-widget-wrap elementor-element-populated\">\n\t\t\t\t\t\t<div class=\"elementor-element elementor-element-4d0ab51 elementor-widget elementor-widget-text-editor\" data-id=\"4d0ab51\" data-element_type=\"widget\" data-e-type=\"widget\" data-widget_type=\"text-editor.default\">\n\t\t\t\t<div class=\"elementor-widget-container\">\n\t\t\t\t\t\t\t\t\t<p>Welcome to the official site of the Asociaci\u00f3n Empresarial Hotelera de Madrid (AEHM), based in Calle Marqu\u00e9s de Cubas, 25, 4 I, 28014, Madrid (Spain), Tax Identification Number: G-28610525 email: <u><a href=\"mailto:aehm@aehm.es\">aehm@aehm.es<\/a><\/u>.<\/p><p>Registration data: Registered in the\u00a0 Registro de Asociaciones de la Comunidad de Madrid, under the deposit number: 28000177.<\/p><h2>TERMS OF USE<\/h2><p>The goal of this web is to provide the users and associates with information regarding the services offered by AEHM. By using this site you agree to the following terms and conditions. Please read them carefully if you are going to use this site:<\/p><p><strong>FIRST<\/strong>&#8211; All text, graphics, user interfaces, visual interfaces, photographs, trademarks, logos and selection of the content for the site are controlled and owned by AEHM. and is protected by trade dress, copyright, patent and trademark laws, and various other intellectual property rights and unfair competition laws.<\/p><p><strong>SECOND<\/strong>&#8211; Except as expressly provided in these Terms of Use, no part of the Site and no Content may be copied, reproduced, republished, uploaded, posted, publicly displayed, encoded, translated, transmitted or distributed in any way (including \u201cmirroring\u201d) to any other computer, server, Web site or other medium for publication or distribution or for any commercial enterprise, without AEHM\u2019s express prior written consent.<\/p><p><strong>THIRD- AEHM<\/strong> does not promise that the site or any content, service or feature of the site will be error-free or uninterrupted or that any defects will be corrected, or that your use of the site will provide specific results. The site and its content are delivered on an \u201cAS-IS\u201d and \u201cAS-AVAILABLE\u201d basis. Though we will work to counter and repair them as soon as possible whenever they occur.<\/p><p><strong>FOURTH- AEHM<\/strong> cannot ensure that any files or other data you download from the site will be free of viruses or contamination or destructive features. AEHM disclaims any and all liability for the acts, omissions and conduct of any third parties in connection with or related to your use of the site and\/or any apple services.<\/p><p><strong>FIFTH- All<\/strong> information provided on the site is subject to change without notice.<\/p><p><strong>SIXTH<\/strong>&#8211;\u00a0 You may be asked to provide your personal information anytime you are in contact with this site. We commit ourselves to comply with the law LO 15\/1999 december 13, on the Protection of. Personal Data, the\u00a0 Regulation (EU) 2016\/679 with regard to the processing of personal data and the law 34\/2002 july 11, on Information Society Services and Electronic Commerce regarding business and trade communications.<\/p><p>See our\u00a0<a href=\"https:\/\/aehm.es\/en\/privacy-policy\/\"><u>privacy and personal data protection policy<\/u><\/a><\/p><p><strong>SEVENTH<\/strong>&#8211; You acknowledge and agree that Internet transmissions are never completely private or secure. You understand that any message or information you send to the Site may be read or intercepted by others, even if there is a special notice that a particular transmission (for example, credit card information) is encrypted. If, notwithstanding the other provisions of these Terms of Use, AEHM is found to be liable to you for any damage or loss which arises out of or is in any way connected with your use of the Site or any Content.<\/p>\t\t\t\t\t\t\t\t<\/div>\n\t\t\t\t<\/div>\n\t\t\t\t\t<\/div>\n\t\t<\/div>\n\t\t\t\t\t<\/div>\n\t\t<\/section>\n\t\t\t\t<\/div>\n\t\t","protected":false},"excerpt":{"rendered":"<p>Welcome to the official site of the Asociaci\u00f3n Empresarial Hotelera de Madrid (AEHM), based in Calle Marqu\u00e9s de Cubas, 25, 4 I, 28014, Madrid (Spain), Tax Identification Number: G-28610525 email: aehm@aehm.es. Registration data: Registered in the\u00a0 Registro de Asociaciones de la Comunidad de Madrid, under the deposit number: 28000177. TERMS OF USE The goal of [&hellip;]<\/p>\n","protected":false},"author":1,"featured_media":0,"parent":0,"menu_order":99,"comment_status":"closed","ping_status":"closed","template":"","meta":{"footnotes":""},"class_list":["post-12139","page","type-page","status-publish","hentry"],"yoast_head":"<!-- This site is optimized with the Yoast SEO plugin v27.5 - https:\/\/yoast.com\/product\/yoast-seo-wordpress\/ -->\n<title>Legal Notice - AEHM<\/title>\n<meta name=\"robots\" content=\"index, follow, max-snippet:-1, max-image-preview:large, max-video-preview:-1\" \/>\n<link rel=\"canonical\" href=\"https:\/\/aehm.es\/en\/legal-notice\/\" \/>\n<meta property=\"og:locale\" content=\"en_US\" \/>\n<meta property=\"og:type\" content=\"article\" \/>\n<meta property=\"og:title\" content=\"Legal Notice - AEHM\" \/>\n<meta property=\"og:description\" content=\"Welcome to the official site of the Asociaci\u00f3n Empresarial Hotelera de Madrid (AEHM), based in Calle Marqu\u00e9s de Cubas, 25, 4 I, 28014, Madrid (Spain), Tax Identification Number: G-28610525 email: aehm@aehm.es. Registration data: Registered in the\u00a0 Registro de Asociaciones de la Comunidad de Madrid, under the deposit number: 28000177. TERMS OF USE The goal of [&hellip;]\" \/>\n<meta property=\"og:url\" content=\"https:\/\/aehm.es\/en\/legal-notice\/\" \/>\n<meta property=\"og:site_name\" content=\"AEHM\" \/>\n<meta property=\"article:publisher\" content=\"https:\/\/www.instagram.com\/hotelesdemadrid\/\" \/>\n<meta property=\"article:modified_time\" content=\"2021-09-28T05:16:20+00:00\" \/>\n<meta name=\"twitter:card\" content=\"summary_large_image\" \/>\n<meta name=\"twitter:site\" content=\"@HotelesAEHM\" \/>\n<meta name=\"twitter:label1\" content=\"Est. reading time\" \/>\n\t<meta name=\"twitter:data1\" content=\"3 minutes\" \/>\n<script type=\"application\/ld+json\" class=\"yoast-schema-graph\">{\"@context\":\"https:\\\/\\\/schema.org\",\"@graph\":[{\"@type\":\"WebPage\",\"@id\":\"https:\\\/\\\/aehm.es\\\/en\\\/legal-notice\\\/\",\"url\":\"https:\\\/\\\/aehm.es\\\/en\\\/legal-notice\\\/\",\"name\":\"Legal Notice - AEHM\",\"isPartOf\":{\"@id\":\"https:\\\/\\\/aehm.es\\\/#website\"},\"datePublished\":\"2018-09-03T14:15:50+00:00\",\"dateModified\":\"2021-09-28T05:16:20+00:00\",\"breadcrumb\":{\"@id\":\"https:\\\/\\\/aehm.es\\\/en\\\/legal-notice\\\/#breadcrumb\"},\"inLanguage\":\"en-US\",\"potentialAction\":[{\"@type\":\"ReadAction\",\"target\":[\"https:\\\/\\\/aehm.es\\\/en\\\/legal-notice\\\/\"]}]},{\"@type\":\"BreadcrumbList\",\"@id\":\"https:\\\/\\\/aehm.es\\\/en\\\/legal-notice\\\/#breadcrumb\",\"itemListElement\":[{\"@type\":\"ListItem\",\"position\":1,\"name\":\"Portada\",\"item\":\"https:\\\/\\\/aehm.es\\\/en\\\/\"},{\"@type\":\"ListItem\",\"position\":2,\"name\":\"Legal Notice\"}]},{\"@type\":\"WebSite\",\"@id\":\"https:\\\/\\\/aehm.es\\\/#website\",\"url\":\"https:\\\/\\\/aehm.es\\\/\",\"name\":\"Asociaci\u00f3n Empresarial Hotelera de Madrid\",\"description\":\"La Asociaci\u00f3n Empresarial Hotelera Madrid est\u00e1 formada por m\u00e1s de 300 establecimientos de todas las categor\u00edas y tipolog\u00edas (hoteles, hostales, hostels, apartamentos\u2026) que suman m\u00e1s de 75.000 plazas de alojamiento.\",\"publisher\":{\"@id\":\"https:\\\/\\\/aehm.es\\\/#organization\"},\"alternateName\":\"AEHM\",\"potentialAction\":[{\"@type\":\"SearchAction\",\"target\":{\"@type\":\"EntryPoint\",\"urlTemplate\":\"https:\\\/\\\/aehm.es\\\/?s={search_term_string}\"},\"query-input\":{\"@type\":\"PropertyValueSpecification\",\"valueRequired\":true,\"valueName\":\"search_term_string\"}}],\"inLanguage\":\"en-US\"},{\"@type\":\"Organization\",\"@id\":\"https:\\\/\\\/aehm.es\\\/#organization\",\"name\":\"Asociaci\u00f3n Empresarial Hotelera de Madrid\",\"url\":\"https:\\\/\\\/aehm.es\\\/\",\"logo\":{\"@type\":\"ImageObject\",\"inLanguage\":\"en-US\",\"@id\":\"https:\\\/\\\/aehm.es\\\/#\\\/schema\\\/logo\\\/image\\\/\",\"url\":\"https:\\\/\\\/aehm.es\\\/wp-content\\\/uploads\\\/2021\\\/11\\\/Logo_AEHM_Horiz.png\",\"contentUrl\":\"https:\\\/\\\/aehm.es\\\/wp-content\\\/uploads\\\/2021\\\/11\\\/Logo_AEHM_Horiz.png\",\"width\":600,\"height\":182,\"caption\":\"Asociaci\u00f3n Empresarial Hotelera de Madrid\"},\"image\":{\"@id\":\"https:\\\/\\\/aehm.es\\\/#\\\/schema\\\/logo\\\/image\\\/\"},\"sameAs\":[\"https:\\\/\\\/www.instagram.com\\\/hotelesdemadrid\\\/\",\"https:\\\/\\\/x.com\\\/HotelesAEHM\",\"https:\\\/\\\/www.linkedin.com\\\/company\\\/11166072\\\/\"]}]}<\/script>\n<!-- \/ Yoast SEO plugin. -->","yoast_head_json":{"title":"Legal Notice - AEHM","robots":{"index":"index","follow":"follow","max-snippet":"max-snippet:-1","max-image-preview":"max-image-preview:large","max-video-preview":"max-video-preview:-1"},"canonical":"https:\/\/aehm.es\/en\/legal-notice\/","og_locale":"en_US","og_type":"article","og_title":"Legal Notice - AEHM","og_description":"Welcome to the official site of the Asociaci\u00f3n Empresarial Hotelera de Madrid (AEHM), based in Calle Marqu\u00e9s de Cubas, 25, 4 I, 28014, Madrid (Spain), Tax Identification Number: G-28610525 email: aehm@aehm.es. Registration data: Registered in the\u00a0 Registro de Asociaciones de la Comunidad de Madrid, under the deposit number: 28000177. TERMS OF USE The goal of [&hellip;]","og_url":"https:\/\/aehm.es\/en\/legal-notice\/","og_site_name":"AEHM","article_publisher":"https:\/\/www.instagram.com\/hotelesdemadrid\/","article_modified_time":"2021-09-28T05:16:20+00:00","twitter_card":"summary_large_image","twitter_site":"@HotelesAEHM","twitter_misc":{"Est. reading time":"3 minutes"},"schema":{"@context":"https:\/\/schema.org","@graph":[{"@type":"WebPage","@id":"https:\/\/aehm.es\/en\/legal-notice\/","url":"https:\/\/aehm.es\/en\/legal-notice\/","name":"Legal Notice - AEHM","isPartOf":{"@id":"https:\/\/aehm.es\/#website"},"datePublished":"2018-09-03T14:15:50+00:00","dateModified":"2021-09-28T05:16:20+00:00","breadcrumb":{"@id":"https:\/\/aehm.es\/en\/legal-notice\/#breadcrumb"},"inLanguage":"en-US","potentialAction":[{"@type":"ReadAction","target":["https:\/\/aehm.es\/en\/legal-notice\/"]}]},{"@type":"BreadcrumbList","@id":"https:\/\/aehm.es\/en\/legal-notice\/#breadcrumb","itemListElement":[{"@type":"ListItem","position":1,"name":"Portada","item":"https:\/\/aehm.es\/en\/"},{"@type":"ListItem","position":2,"name":"Legal Notice"}]},{"@type":"WebSite","@id":"https:\/\/aehm.es\/#website","url":"https:\/\/aehm.es\/","name":"Asociaci\u00f3n Empresarial Hotelera de Madrid","description":"La Asociaci\u00f3n Empresarial Hotelera Madrid est\u00e1 formada por m\u00e1s de 300 establecimientos de todas las categor\u00edas y tipolog\u00edas (hoteles, hostales, hostels, apartamentos\u2026) que suman m\u00e1s de 75.000 plazas de alojamiento.","publisher":{"@id":"https:\/\/aehm.es\/#organization"},"alternateName":"AEHM","potentialAction":[{"@type":"SearchAction","target":{"@type":"EntryPoint","urlTemplate":"https:\/\/aehm.es\/?s={search_term_string}"},"query-input":{"@type":"PropertyValueSpecification","valueRequired":true,"valueName":"search_term_string"}}],"inLanguage":"en-US"},{"@type":"Organization","@id":"https:\/\/aehm.es\/#organization","name":"Asociaci\u00f3n Empresarial Hotelera de Madrid","url":"https:\/\/aehm.es\/","logo":{"@type":"ImageObject","inLanguage":"en-US","@id":"https:\/\/aehm.es\/#\/schema\/logo\/image\/","url":"https:\/\/aehm.es\/wp-content\/uploads\/2021\/11\/Logo_AEHM_Horiz.png","contentUrl":"https:\/\/aehm.es\/wp-content\/uploads\/2021\/11\/Logo_AEHM_Horiz.png","width":600,"height":182,"caption":"Asociaci\u00f3n Empresarial Hotelera de Madrid"},"image":{"@id":"https:\/\/aehm.es\/#\/schema\/logo\/image\/"},"sameAs":["https:\/\/www.instagram.com\/hotelesdemadrid\/","https:\/\/x.com\/HotelesAEHM","https:\/\/www.linkedin.com\/company\/11166072\/"]}]}},"_links":{"self":[{"href":"https:\/\/aehm.es\/en\/wp-json\/wp\/v2\/pages\/12139","targetHints":{"allow":["GET"]}}],"collection":[{"href":"https:\/\/aehm.es\/en\/wp-json\/wp\/v2\/pages"}],"about":[{"href":"https:\/\/aehm.es\/en\/wp-json\/wp\/v2\/types\/page"}],"author":[{"embeddable":true,"href":"https:\/\/aehm.es\/en\/wp-json\/wp\/v2\/users\/1"}],"replies":[{"embeddable":true,"href":"https:\/\/aehm.es\/en\/wp-json\/wp\/v2\/comments?post=12139"}],"version-history":[{"count":0,"href":"https:\/\/aehm.es\/en\/wp-json\/wp\/v2\/pages\/12139\/revisions"}],"wp:attachment":[{"href":"https:\/\/aehm.es\/en\/wp-json\/wp\/v2\/media?parent=12139"}],"curies":[{"name":"wp","href":"https:\/\/api.w.org\/{rel}","templated":true}]}}