{"id":12064,"date":"2018-09-03T14:08:04","date_gmt":"2018-09-03T14:08:04","guid":{"rendered":"https:\/\/aehm.es\/politica-privacidad\/"},"modified":"2021-09-27T16:22:36","modified_gmt":"2021-09-27T16:22:36","slug":"privacy-policy","status":"publish","type":"page","link":"https:\/\/aehm.es\/en\/privacy-policy\/","title":{"rendered":"Privacy Policy"},"content":{"rendered":"\t\t<div data-elementor-type=\"wp-page\" data-elementor-id=\"12064\" class=\"elementor elementor-12064\" data-elementor-post-type=\"page\">\n\t\t\t\t\t\t<section class=\"elementor-section elementor-top-section elementor-element elementor-element-69daf6b4 elementor-section-boxed elementor-section-height-default elementor-section-height-default\" data-id=\"69daf6b4\" data-element_type=\"section\" data-e-type=\"section\">\n\t\t\t\t\t\t<div class=\"elementor-container elementor-column-gap-default\">\n\t\t\t\t\t<div class=\"elementor-column elementor-col-100 elementor-top-column elementor-element elementor-element-78fa17b\" data-id=\"78fa17b\" data-element_type=\"column\" data-e-type=\"column\">\n\t\t\t<div class=\"elementor-widget-wrap elementor-element-populated\">\n\t\t\t\t\t\t<div class=\"elementor-element elementor-element-d4a8165 elementor-widget elementor-widget-text-editor\" data-id=\"d4a8165\" data-element_type=\"widget\" data-e-type=\"widget\" data-widget_type=\"text-editor.default\">\n\t\t\t\t<div class=\"elementor-widget-container\">\n\t\t\t\t\t\t\t\t\t<p>This Privacy Policy and Data Protection outlines the information you need to understand the range and subject of the processing of data, so that your acceptance, which is extremely necessary to access and use our site, is based on a well informed consent reflected in the Privacy Policy, which will be valid at any stage.<\/p><h3>WHO IS ELIGIBLE FOR PROCESSING YOUR PERSONAL DATA?<\/h3><p>The entity liable of processing your personal data is the Asociaci\u00f3n Empresarial Hotelera de Madrid, whose Tax Identification Number is G-28610525, based in Calle Marqu\u00e9s de Cubas number 25, 4\u00ba left, 28014, Madrid (Spain), registered in the Registro de Asociaciones de la Comunidad de Madrid, under the deposit number 28000177. You can contact us through a letter to our address, which appears in this paragraph, or an e-mail directed to our e-mail address:\u00a0 <u><a href=\"mailto:aehm@aehm.es\">aehm@aehm.es<\/a><\/u><\/p><p><u><a href=\"http:\/\/www.aehm.es\/\">www.aehm.es<\/a><\/u> will provide users and associates information regarding defence, promotion and safeguarding of the general interests of the associated hotel companies or users that contact us.<\/p><h3>WHY DO WE PROCESS YOUR PERSONAL DATA?<\/h3><p>In AEHM we process the information that associations and people who are interested provide us to:<\/p><ul><li>Manage the subscription as a member of the AEHM.<\/li><li>Send interesting information about journeys and information sheets about the tourist sector.<\/li><li>Promote the journeys.<\/li><li>List of associates.<\/li><\/ul><h3>FOR HOW LONG DO WE KEEP YOUR DATA?<\/h3><p>The personal data collected will be kept during the time in which the partners are part of the AEHM, and once they leave, their data will be blocked for a period of six years. Once that period is over the data will be deleted.<\/p><h3>WHAT IS THE LEGAL BASE FOR THE PROCESSING OF YOUR DATA?<\/h3><p>The legal base for the processing of your data is:<\/p><ul><li>For the control, maintenance and implementation of the management of the subscription as a member of the AEHM;<\/li><li>For the unambiguous consent for the sending of communications through the email address and the automatic information system of aehm.es<\/li><\/ul><p>The same way, we inform you that in the case you do not provide us with the required information we will not be able to reply with the required information or the subscription and the fulfillment of the partners contract.<\/p><p>HOW DID WE COLLECT YOUR DATA?<\/p><p>Your personal data were collected when you created your account.<\/p><h3>DISCLOSURE TO THIRD PARTIES<\/h3><p>At times AEHM may make certain personal information available to strategic partners that work with us to provide products and services. Personal information will only be shared with the suppliers and cooperative associates to improve our services and exchanges with these third parties. You will be able to access the list of cooperative associates of AEHM at any time.<\/p><p>The same way, some personal data of the associates could be disclosed to an entity holding creditworthiness and credit files. In case that, for any reason you have a given due and payable debt with AEHM\u00a0 which has been previously required\u00a0 without having been paid in the given term, that information could be filed in a database about creditworthiness and credit.<\/p><h3>WHAT ARE YOUR RIGHTS WHEN YOU PROVIDE US WITH YOUR DATA?<\/h3><ul><li>Anyone has the right to get information about themselves in AEHM.<\/li><li>Those who are interested have the right to access their personal data and request the rectification of inaccurate personal data or, in the case where, among other reasons, the data collected are no longer necessary in relation to the purposes for which they were collected, to request its erasure.<\/li><li>In certain instances, those who are interested can ask for a restriction on the use of their data that will only be preserved to use in case of legal claims.<\/li><li>In certain instances and on grounds relating to his or her particular situation, those interested can object to processing his or her personal data. AEHM will no longer process the personal data unless there is a compelling legitimate reason or for the exercise or defence of legal claims.<\/li><li>Regarding the process of obtaining your consent you are allowed to erase them at any time through the following email address: <u><a href=\"mailto:aehm@aehm.es\">aehm@aehm.es<\/a><\/u><\/li><li>In case it applies, you can request the portability of your data.<\/li><\/ul><p>In any case, you can lodge a complaint to the Spanish Data Protection Agency especially if you consider that your rights have not been respected. The address of the agency is Calle Jorge Juan 6, 28001, and its site is www.agpd.es.<\/p>\t\t\t\t\t\t\t\t<\/div>\n\t\t\t\t<\/div>\n\t\t\t\t\t<\/div>\n\t\t<\/div>\n\t\t\t\t\t<\/div>\n\t\t<\/section>\n\t\t\t\t<\/div>\n\t\t","protected":false},"excerpt":{"rendered":"<p>This Privacy Policy and Data Protection outlines the information you need to understand the range and subject of the processing of data, so that your acceptance, which is extremely necessary to access and use our site, is based on a well informed consent reflected in the Privacy Policy, which will be valid at any stage. [&hellip;]<\/p>\n","protected":false},"author":1,"featured_media":0,"parent":0,"menu_order":99,"comment_status":"closed","ping_status":"closed","template":"","meta":{"footnotes":""},"class_list":["post-12064","page","type-page","status-publish","hentry"],"yoast_head":"<!-- This site is optimized with the Yoast SEO plugin v27.3 - https:\/\/yoast.com\/product\/yoast-seo-wordpress\/ -->\n<title>Privacy Policy - AEHM<\/title>\n<meta name=\"robots\" content=\"index, follow, max-snippet:-1, max-image-preview:large, max-video-preview:-1\" \/>\n<link rel=\"canonical\" href=\"https:\/\/aehm.es\/en\/privacy-policy\/\" \/>\n<meta property=\"og:locale\" content=\"en_US\" \/>\n<meta property=\"og:type\" content=\"article\" \/>\n<meta property=\"og:title\" content=\"Privacy Policy - AEHM\" \/>\n<meta property=\"og:description\" content=\"This Privacy Policy and Data Protection outlines the information you need to understand the range and subject of the processing of data, so that your acceptance, which is extremely necessary to access and use our site, is based on a well informed consent reflected in the Privacy Policy, which will be valid at any stage. [&hellip;]\" \/>\n<meta property=\"og:url\" content=\"https:\/\/aehm.es\/en\/privacy-policy\/\" \/>\n<meta property=\"og:site_name\" content=\"AEHM\" \/>\n<meta property=\"article:publisher\" content=\"https:\/\/www.instagram.com\/hotelesdemadrid\/\" \/>\n<meta property=\"article:modified_time\" content=\"2021-09-27T16:22:36+00:00\" \/>\n<meta name=\"twitter:card\" content=\"summary_large_image\" \/>\n<meta name=\"twitter:site\" content=\"@HotelesAEHM\" \/>\n<meta name=\"twitter:label1\" content=\"Est. reading time\" \/>\n\t<meta name=\"twitter:data1\" content=\"4 minutes\" \/>\n<script type=\"application\/ld+json\" class=\"yoast-schema-graph\">{\"@context\":\"https:\\\/\\\/schema.org\",\"@graph\":[{\"@type\":\"WebPage\",\"@id\":\"https:\\\/\\\/aehm.es\\\/en\\\/privacy-policy\\\/\",\"url\":\"https:\\\/\\\/aehm.es\\\/en\\\/privacy-policy\\\/\",\"name\":\"Privacy Policy - AEHM\",\"isPartOf\":{\"@id\":\"https:\\\/\\\/aehm.es\\\/#website\"},\"datePublished\":\"2018-09-03T14:08:04+00:00\",\"dateModified\":\"2021-09-27T16:22:36+00:00\",\"breadcrumb\":{\"@id\":\"https:\\\/\\\/aehm.es\\\/en\\\/privacy-policy\\\/#breadcrumb\"},\"inLanguage\":\"en-US\",\"potentialAction\":[{\"@type\":\"ReadAction\",\"target\":[\"https:\\\/\\\/aehm.es\\\/en\\\/privacy-policy\\\/\"]}]},{\"@type\":\"BreadcrumbList\",\"@id\":\"https:\\\/\\\/aehm.es\\\/en\\\/privacy-policy\\\/#breadcrumb\",\"itemListElement\":[{\"@type\":\"ListItem\",\"position\":1,\"name\":\"Portada\",\"item\":\"https:\\\/\\\/aehm.es\\\/en\\\/\"},{\"@type\":\"ListItem\",\"position\":2,\"name\":\"Privacy Policy\"}]},{\"@type\":\"WebSite\",\"@id\":\"https:\\\/\\\/aehm.es\\\/#website\",\"url\":\"https:\\\/\\\/aehm.es\\\/\",\"name\":\"Asociaci\u00f3n Empresarial Hotelera de Madrid\",\"description\":\"La Asociaci\u00f3n Empresarial Hotelera Madrid est\u00e1 formada por m\u00e1s de 300 establecimientos de todas las categor\u00edas y tipolog\u00edas (hoteles, hostales, hostels, apartamentos\u2026) que suman m\u00e1s de 75.000 plazas de alojamiento.\",\"publisher\":{\"@id\":\"https:\\\/\\\/aehm.es\\\/#organization\"},\"alternateName\":\"AEHM\",\"potentialAction\":[{\"@type\":\"SearchAction\",\"target\":{\"@type\":\"EntryPoint\",\"urlTemplate\":\"https:\\\/\\\/aehm.es\\\/?s={search_term_string}\"},\"query-input\":{\"@type\":\"PropertyValueSpecification\",\"valueRequired\":true,\"valueName\":\"search_term_string\"}}],\"inLanguage\":\"en-US\"},{\"@type\":\"Organization\",\"@id\":\"https:\\\/\\\/aehm.es\\\/#organization\",\"name\":\"Asociaci\u00f3n Empresarial Hotelera de Madrid\",\"url\":\"https:\\\/\\\/aehm.es\\\/\",\"logo\":{\"@type\":\"ImageObject\",\"inLanguage\":\"en-US\",\"@id\":\"https:\\\/\\\/aehm.es\\\/#\\\/schema\\\/logo\\\/image\\\/\",\"url\":\"https:\\\/\\\/aehm.es\\\/wp-content\\\/uploads\\\/2021\\\/11\\\/Logo_AEHM_Horiz.png\",\"contentUrl\":\"https:\\\/\\\/aehm.es\\\/wp-content\\\/uploads\\\/2021\\\/11\\\/Logo_AEHM_Horiz.png\",\"width\":600,\"height\":182,\"caption\":\"Asociaci\u00f3n Empresarial Hotelera de Madrid\"},\"image\":{\"@id\":\"https:\\\/\\\/aehm.es\\\/#\\\/schema\\\/logo\\\/image\\\/\"},\"sameAs\":[\"https:\\\/\\\/www.instagram.com\\\/hotelesdemadrid\\\/\",\"https:\\\/\\\/x.com\\\/HotelesAEHM\",\"https:\\\/\\\/www.linkedin.com\\\/company\\\/11166072\\\/\"]}]}<\/script>\n<!-- \/ Yoast SEO plugin. -->","yoast_head_json":{"title":"Privacy Policy - AEHM","robots":{"index":"index","follow":"follow","max-snippet":"max-snippet:-1","max-image-preview":"max-image-preview:large","max-video-preview":"max-video-preview:-1"},"canonical":"https:\/\/aehm.es\/en\/privacy-policy\/","og_locale":"en_US","og_type":"article","og_title":"Privacy Policy - AEHM","og_description":"This Privacy Policy and Data Protection outlines the information you need to understand the range and subject of the processing of data, so that your acceptance, which is extremely necessary to access and use our site, is based on a well informed consent reflected in the Privacy Policy, which will be valid at any stage. [&hellip;]","og_url":"https:\/\/aehm.es\/en\/privacy-policy\/","og_site_name":"AEHM","article_publisher":"https:\/\/www.instagram.com\/hotelesdemadrid\/","article_modified_time":"2021-09-27T16:22:36+00:00","twitter_card":"summary_large_image","twitter_site":"@HotelesAEHM","twitter_misc":{"Est. reading time":"4 minutes"},"schema":{"@context":"https:\/\/schema.org","@graph":[{"@type":"WebPage","@id":"https:\/\/aehm.es\/en\/privacy-policy\/","url":"https:\/\/aehm.es\/en\/privacy-policy\/","name":"Privacy Policy - AEHM","isPartOf":{"@id":"https:\/\/aehm.es\/#website"},"datePublished":"2018-09-03T14:08:04+00:00","dateModified":"2021-09-27T16:22:36+00:00","breadcrumb":{"@id":"https:\/\/aehm.es\/en\/privacy-policy\/#breadcrumb"},"inLanguage":"en-US","potentialAction":[{"@type":"ReadAction","target":["https:\/\/aehm.es\/en\/privacy-policy\/"]}]},{"@type":"BreadcrumbList","@id":"https:\/\/aehm.es\/en\/privacy-policy\/#breadcrumb","itemListElement":[{"@type":"ListItem","position":1,"name":"Portada","item":"https:\/\/aehm.es\/en\/"},{"@type":"ListItem","position":2,"name":"Privacy Policy"}]},{"@type":"WebSite","@id":"https:\/\/aehm.es\/#website","url":"https:\/\/aehm.es\/","name":"Asociaci\u00f3n Empresarial Hotelera de Madrid","description":"La Asociaci\u00f3n Empresarial Hotelera Madrid est\u00e1 formada por m\u00e1s de 300 establecimientos de todas las categor\u00edas y tipolog\u00edas (hoteles, hostales, hostels, apartamentos\u2026) que suman m\u00e1s de 75.000 plazas de alojamiento.","publisher":{"@id":"https:\/\/aehm.es\/#organization"},"alternateName":"AEHM","potentialAction":[{"@type":"SearchAction","target":{"@type":"EntryPoint","urlTemplate":"https:\/\/aehm.es\/?s={search_term_string}"},"query-input":{"@type":"PropertyValueSpecification","valueRequired":true,"valueName":"search_term_string"}}],"inLanguage":"en-US"},{"@type":"Organization","@id":"https:\/\/aehm.es\/#organization","name":"Asociaci\u00f3n Empresarial Hotelera de Madrid","url":"https:\/\/aehm.es\/","logo":{"@type":"ImageObject","inLanguage":"en-US","@id":"https:\/\/aehm.es\/#\/schema\/logo\/image\/","url":"https:\/\/aehm.es\/wp-content\/uploads\/2021\/11\/Logo_AEHM_Horiz.png","contentUrl":"https:\/\/aehm.es\/wp-content\/uploads\/2021\/11\/Logo_AEHM_Horiz.png","width":600,"height":182,"caption":"Asociaci\u00f3n Empresarial Hotelera de Madrid"},"image":{"@id":"https:\/\/aehm.es\/#\/schema\/logo\/image\/"},"sameAs":["https:\/\/www.instagram.com\/hotelesdemadrid\/","https:\/\/x.com\/HotelesAEHM","https:\/\/www.linkedin.com\/company\/11166072\/"]}]}},"_links":{"self":[{"href":"https:\/\/aehm.es\/en\/wp-json\/wp\/v2\/pages\/12064","targetHints":{"allow":["GET"]}}],"collection":[{"href":"https:\/\/aehm.es\/en\/wp-json\/wp\/v2\/pages"}],"about":[{"href":"https:\/\/aehm.es\/en\/wp-json\/wp\/v2\/types\/page"}],"author":[{"embeddable":true,"href":"https:\/\/aehm.es\/en\/wp-json\/wp\/v2\/users\/1"}],"replies":[{"embeddable":true,"href":"https:\/\/aehm.es\/en\/wp-json\/wp\/v2\/comments?post=12064"}],"version-history":[{"count":0,"href":"https:\/\/aehm.es\/en\/wp-json\/wp\/v2\/pages\/12064\/revisions"}],"wp:attachment":[{"href":"https:\/\/aehm.es\/en\/wp-json\/wp\/v2\/media?parent=12064"}],"curies":[{"name":"wp","href":"https:\/\/api.w.org\/{rel}","templated":true}]}}